{"id":8027,"date":"2025-04-28T15:22:16","date_gmt":"2025-04-28T13:22:16","guid":{"rendered":"https:\/\/amberorthotics.com\/versand\/"},"modified":"2025-04-28T15:22:17","modified_gmt":"2025-04-28T13:22:17","slug":"versand","status":"publish","type":"page","link":"https:\/\/amberorthotics.com\/de\/versand\/","title":{"rendered":"Versand"},"content":{"rendered":"\t\t<div data-elementor-type=\"wp-page\" data-elementor-id=\"8027\" class=\"elementor elementor-8027 elementor-5839\" data-elementor-post-type=\"page\">\n\t\t\t\t<div class=\"elementor-element elementor-element-f0c8147 e-flex e-con-boxed e-con e-parent\" data-id=\"f0c8147\" data-element_type=\"container\" data-e-type=\"container\" data-settings=\"{&quot;background_background&quot;:&quot;classic&quot;}\">\n\t\t\t\t\t<div class=\"e-con-inner\">\n\t\t<div class=\"elementor-element elementor-element-335a08f e-con-full e-flex e-con e-parent\" data-id=\"335a08f\" data-element_type=\"container\" data-e-type=\"container\">\n\t\t<div class=\"elementor-element elementor-element-31a0d5e e-flex e-con-boxed e-con e-parent\" data-id=\"31a0d5e\" data-element_type=\"container\" data-e-type=\"container\">\n\t\t\t\t\t<div class=\"e-con-inner\">\n\t\t\t\t<div class=\"elementor-element elementor-element-36317dd elementor-widget elementor-widget-heading\" data-id=\"36317dd\" data-element_type=\"widget\" data-e-type=\"widget\" data-widget_type=\"heading.default\">\n\t\t\t\t<div class=\"elementor-widget-container\">\n\t\t\t\t\t<div class=\"elementor-heading-title elementor-size-default\">Service<\/div>\t\t\t\t<\/div>\n\t\t\t\t<\/div>\n\t\t\t\t<div class=\"elementor-element elementor-element-d1fb8b9 elementor-widget-divider--view-line elementor-widget elementor-widget-divider\" data-id=\"d1fb8b9\" data-element_type=\"widget\" data-e-type=\"widget\" data-widget_type=\"divider.default\">\n\t\t\t\t<div class=\"elementor-widget-container\">\n\t\t\t\t\t\t\t<div class=\"elementor-divider\">\n\t\t\t<span class=\"elementor-divider-separator\">\n\t\t\t\t\t\t<\/span>\n\t\t<\/div>\n\t\t\t\t\t\t<\/div>\n\t\t\t\t<\/div>\n\t\t\t\t<div class=\"elementor-element elementor-element-85135cc elementor-widget__width-initial elementor-widget-mobile__width-inherit elementor-widget elementor-widget-heading\" data-id=\"85135cc\" data-element_type=\"widget\" data-e-type=\"widget\" data-widget_type=\"heading.default\">\n\t\t\t\t<div class=\"elementor-widget-container\">\n\t\t\t\t\t<h1 class=\"elementor-heading-title elementor-size-default\">Versand &amp; Lieferung<\/h1>\t\t\t\t<\/div>\n\t\t\t\t<\/div>\n\t\t\t\t\t<\/div>\n\t\t\t\t<\/div>\n\t\t\t\t<\/div>\n\t\t\t\t\t<\/div>\n\t\t\t\t<\/div>\n\t\t<div class=\"elementor-element elementor-element-55f857d e-flex e-con-boxed e-con e-parent\" data-id=\"55f857d\" data-element_type=\"container\" data-e-type=\"container\">\n\t\t\t\t\t<div class=\"e-con-inner\">\n\t\t<div class=\"elementor-element elementor-element-5bd5006 e-flex e-con-boxed e-con e-parent\" data-id=\"5bd5006\" data-element_type=\"container\" data-e-type=\"container\">\n\t\t\t\t\t<div class=\"e-con-inner\">\n\t\t\t\t<div class=\"elementor-element elementor-element-8ad02b0 elementor-widget-mobile__width-inherit elementor-widget elementor-widget-text-editor\" data-id=\"8ad02b0\" data-element_type=\"widget\" data-e-type=\"widget\" data-widget_type=\"text-editor.default\">\n\t\t\t\t<div class=\"elementor-widget-container\">\n\t\t\t\t\t\t\t\t\t<p><strong>Wie lange dauert die Lieferung meiner Bestellung?<\/strong><\/p><p>Bei Amber bem\u00fchen wir uns, alle Bestellungen innerhalb von 10 Werktagen zu versenden. Falls dies nicht m\u00f6glich ist, werden wir dich voraussichtlich kontaktieren. Nachdem wir das Paket an den Paketdienst \u00fcbergeben haben, sind wir auf deren Liefergeschwindigkeit angewiesen. Bestellungen an Adressen in den Niederlanden werden in der Regel am Tag nach dem Versand geliefert. Innerhalb Europas dauert es wahrscheinlich 3-7 Werktage, au\u00dferhalb Europas etwa 14 Tage.    <\/p><p> <\/p><p><strong style=\"font-size: 16px;\">Wann wird meine Bestellung versendet?<\/strong><\/p><p>Wenn du deine Bestellung von Montag bis Samstag vor 17:00 Uhr (CET im Winter, CEST im Sommer) aufgibst, versenden wir sie noch am selben Tag. Bestellungen nach 17:00 Uhr werden am n\u00e4chsten Tag versendet. Bestellungen, die nach 17:00 Uhr am Samstag oder am Sonntag eingehen, werden am Montag verschickt.  <\/p><p> <\/p><p><strong>Welche Lieferdienste nutzen Sie?<\/strong><\/p><p>Amber nutzt verschiedene Paketdienste, um sicherzustellen, dass das Paket so schnell wie m\u00f6glich bei Ihnen ankommt.<\/p><p> <\/p><p><strong>Wie hoch sind die Versandkosten?<\/strong><\/p><p>Die Versandkosten werden beim Checkout berechnet. Sie variieren je nach Land. F\u00fcr Pakete innerhalb der Niederlande betragen die Versandkosten \u20ac6,75.  <\/p><p> <\/p><p><strong>Muss ich Einfuhrsteuern oder Zollgeb\u00fchren f\u00fcr meine Bestellung zahlen?<\/strong><\/p><p>Wenn du dich in einem EU-Land befindest, fallen keine Importsteuern oder Zollgeb\u00fchren an. Befindest du dich in einem Nicht-EU-Land, h\u00e4ngt die Antwort von den jeweiligen Einfuhrbestimmungen deines Landes ab. Da es unm\u00f6glich ist, alle Importgesetze und -vorschriften weltweit aufzulisten, erwarten wir, dass unsere Kunden sich \u00fcber die Situation in ihrem eigenen Land informieren. Weitere Informationen erh\u00e4ltst du bei deiner zust\u00e4ndigen Zollbeh\u00f6rde oder anderen relevanten Stellen.   <\/p><p> <\/p><p><strong>Kann ich das Paket auch verfolgen?<\/strong><\/p><p>Ja, sobald wir das Paket verschicken, erh\u00e4ltst du von uns einen Track &amp; Trace-Code. Solange du die Sendung verfolgen kannst, wei\u00dft du, wann du deine Orthese erwarten kannst! <\/p><p> <\/p><p><strong>Ich habe meine Bestellung erhalten, aber es fehlen Teile oder ich habe das Falsche bekommen. Was jetzt? <\/strong><\/p><p>Es tut uns leid zu h\u00f6ren, dass Artikel fehlen oder falsch geliefert wurden. Bitte kontaktieren Sie uns \u00fcber das Kontaktformular auf der Website. Wir werden dir so schnell wie m\u00f6glich helfen!  <\/p>\t\t\t\t\t\t\t\t<\/div>\n\t\t\t\t<\/div>\n\t\t\t\t\t<\/div>\n\t\t\t\t<\/div>\n\t\t<div class=\"elementor-element elementor-element-29677bf e-con-full e-flex e-con e-parent\" data-id=\"29677bf\" data-element_type=\"container\" data-e-type=\"container\" data-settings=\"{&quot;background_background&quot;:&quot;classic&quot;}\">\n\t\t<div class=\"elementor-element elementor-element-51f1e7e e-flex e-con-boxed e-con e-parent\" data-id=\"51f1e7e\" data-element_type=\"container\" data-e-type=\"container\" data-settings=\"{&quot;background_background&quot;:&quot;classic&quot;,&quot;sticky&quot;:&quot;top&quot;,&quot;sticky_offset&quot;:125,&quot;sticky_parent&quot;:&quot;yes&quot;,&quot;sticky_on&quot;:[&quot;desktop&quot;,&quot;tablet&quot;,&quot;mobile&quot;],&quot;sticky_effects_offset&quot;:0,&quot;sticky_anchor_link_offset&quot;:0}\">\n\t\t\t\t\t<div class=\"e-con-inner\">\n\t\t\t\t<div class=\"elementor-element elementor-element-3630909 elementor-widget__width-inherit elementor-widget elementor-widget-heading\" data-id=\"3630909\" data-element_type=\"widget\" data-e-type=\"widget\" data-widget_type=\"heading.default\">\n\t\t\t\t<div class=\"elementor-widget-container\">\n\t\t\t\t\t<h2 class=\"elementor-heading-title elementor-size-default\">Navigation<\/h2>\t\t\t\t<\/div>\n\t\t\t\t<\/div>\n\t\t\t\t<div class=\"elementor-element elementor-element-b4bbe5a elementor-widget-divider--view-line elementor-widget elementor-widget-divider\" data-id=\"b4bbe5a\" data-element_type=\"widget\" data-e-type=\"widget\" data-widget_type=\"divider.default\">\n\t\t\t\t<div class=\"elementor-widget-container\">\n\t\t\t\t\t\t\t<div class=\"elementor-divider\">\n\t\t\t<span class=\"elementor-divider-separator\">\n\t\t\t\t\t\t<\/span>\n\t\t<\/div>\n\t\t\t\t\t\t<\/div>\n\t\t\t\t<\/div>\n\t\t\t\t<div class=\"elementor-element elementor-element-cd46223 elementor-icon-list--layout-traditional elementor-list-item-link-full_width elementor-widget elementor-widget-icon-list\" data-id=\"cd46223\" data-element_type=\"widget\" data-e-type=\"widget\" data-widget_type=\"icon-list.default\">\n\t\t\t\t<div class=\"elementor-widget-container\">\n\t\t\t\t\t\t\t<ul class=\"elementor-icon-list-items\">\n\t\t\t\t\t\t\t<li class=\"elementor-icon-list-item\">\n\t\t\t\t\t\t\t\t\t\t\t<a href=\"https:\/\/amberorthotics.com\/ordering-process\/\">\n\n\t\t\t\t\t\t\t\t\t\t\t\t<span class=\"elementor-icon-list-icon\">\n\t\t\t\t\t\t\t<i aria-hidden=\"true\" class=\"fas fa-minus\"><\/i>\t\t\t\t\t\t<\/span>\n\t\t\t\t\t\t\t\t\t\t<span class=\"elementor-icon-list-text\">Bestellprozess<\/span>\n\t\t\t\t\t\t\t\t\t\t\t<\/a>\n\t\t\t\t\t\t\t\t\t<\/li>\n\t\t\t\t\t\t<\/ul>\n\t\t\t\t\t\t<\/div>\n\t\t\t\t<\/div>\n\t\t\t\t<div class=\"elementor-element elementor-element-62c54dc elementor-icon-list--layout-traditional elementor-list-item-link-full_width elementor-widget elementor-widget-icon-list\" data-id=\"62c54dc\" data-element_type=\"widget\" data-e-type=\"widget\" data-widget_type=\"icon-list.default\">\n\t\t\t\t<div class=\"elementor-widget-container\">\n\t\t\t\t\t\t\t<ul class=\"elementor-icon-list-items\">\n\t\t\t\t\t\t\t<li class=\"elementor-icon-list-item\">\n\t\t\t\t\t\t\t\t\t\t\t<span class=\"elementor-icon-list-icon\">\n\t\t\t\t\t\t\t<i aria-hidden=\"true\" class=\"fas fa-minus\"><\/i>\t\t\t\t\t\t<\/span>\n\t\t\t\t\t\t\t\t\t\t<span class=\"elementor-icon-list-text\">Versand<\/span>\n\t\t\t\t\t\t\t\t\t<\/li>\n\t\t\t\t\t\t<\/ul>\n\t\t\t\t\t\t<\/div>\n\t\t\t\t<\/div>\n\t\t\t\t<div class=\"elementor-element elementor-element-1abec60 elementor-icon-list--layout-traditional elementor-list-item-link-full_width elementor-widget elementor-widget-icon-list\" data-id=\"1abec60\" data-element_type=\"widget\" data-e-type=\"widget\" data-widget_type=\"icon-list.default\">\n\t\t\t\t<div class=\"elementor-widget-container\">\n\t\t\t\t\t\t\t<ul class=\"elementor-icon-list-items\">\n\t\t\t\t\t\t\t<li class=\"elementor-icon-list-item\">\n\t\t\t\t\t\t\t\t\t\t\t<a href=\"https:\/\/amberorthotics.com\/returns\/\">\n\n\t\t\t\t\t\t\t\t\t\t\t\t<span class=\"elementor-icon-list-icon\">\n\t\t\t\t\t\t\t<i aria-hidden=\"true\" class=\"fas fa-minus\"><\/i>\t\t\t\t\t\t<\/span>\n\t\t\t\t\t\t\t\t\t\t<span class=\"elementor-icon-list-text\">R\u00fccksendung (Retouren)<\/span>\n\t\t\t\t\t\t\t\t\t\t\t<\/a>\n\t\t\t\t\t\t\t\t\t<\/li>\n\t\t\t\t\t\t\t\t<li class=\"elementor-icon-list-item\">\n\t\t\t\t\t\t\t\t\t\t\t<a href=\"https:\/\/amberorthotics.com\/frequently-asked-questions\/\">\n\n\t\t\t\t\t\t\t\t\t\t\t\t<span class=\"elementor-icon-list-icon\">\n\t\t\t\t\t\t\t<i aria-hidden=\"true\" class=\"fas fa-minus\"><\/i>\t\t\t\t\t\t<\/span>\n\t\t\t\t\t\t\t\t\t\t<span class=\"elementor-icon-list-text\">H\u00e4ufig gestellte Fragen (FAQ)<\/span>\n\t\t\t\t\t\t\t\t\t\t\t<\/a>\n\t\t\t\t\t\t\t\t\t<\/li>\n\t\t\t\t\t\t\t\t<li class=\"elementor-icon-list-item\">\n\t\t\t\t\t\t\t\t\t\t\t<a href=\"https:\/\/amberorthotics.com\/privacy-policy\/\">\n\n\t\t\t\t\t\t\t\t\t\t\t\t<span class=\"elementor-icon-list-icon\">\n\t\t\t\t\t\t\t<i aria-hidden=\"true\" class=\"fas fa-minus\"><\/i>\t\t\t\t\t\t<\/span>\n\t\t\t\t\t\t\t\t\t\t<span class=\"elementor-icon-list-text\">Datenschutzerkl\u00e4rung<\/span>\n\t\t\t\t\t\t\t\t\t\t\t<\/a>\n\t\t\t\t\t\t\t\t\t<\/li>\n\t\t\t\t\t\t\t\t<li class=\"elementor-icon-list-item\">\n\t\t\t\t\t\t\t\t\t\t\t<a href=\"https:\/\/amberorthotics.com\/terms-and-conditions\/\">\n\n\t\t\t\t\t\t\t\t\t\t\t\t<span class=\"elementor-icon-list-icon\">\n\t\t\t\t\t\t\t<i aria-hidden=\"true\" class=\"fas fa-minus\"><\/i>\t\t\t\t\t\t<\/span>\n\t\t\t\t\t\t\t\t\t\t<span class=\"elementor-icon-list-text\">Allgemeine Gesch\u00e4ftsbedingungen<\/span>\n\t\t\t\t\t\t\t\t\t\t\t<\/a>\n\t\t\t\t\t\t\t\t\t<\/li>\n\t\t\t\t\t\t<\/ul>\n\t\t\t\t\t\t<\/div>\n\t\t\t\t<\/div>\n\t\t\t\t\t<\/div>\n\t\t\t\t<\/div>\n\t\t\t\t<\/div>\n\t\t\t\t\t<\/div>\n\t\t\t\t<\/div>\n\t\t\t\t<\/div>\n\t\t","protected":false},"excerpt":{"rendered":"<p>Service Versand &amp; Lieferung Wie lange dauert die Lieferung meiner Bestellung? Bei Amber bem\u00fchen wir [&hellip;]<\/p>\n","protected":false},"author":3,"featured_media":0,"parent":0,"menu_order":0,"comment_status":"closed","ping_status":"closed","template":"","meta":{"site-sidebar-layout":"no-sidebar","site-content-layout":"page-builder","ast-site-content-layout":"default","site-content-style":"default","site-sidebar-style":"default","ast-global-header-display":"","ast-banner-title-visibility":"","ast-main-header-display":"","ast-hfb-above-header-display":"","ast-hfb-below-header-display":"","ast-hfb-mobile-header-display":"","site-post-title":"disabled","ast-breadcrumbs-content":"","ast-featured-img":"disabled","footer-sml-layout":"","ast-disable-related-posts":"","theme-transparent-header-meta":"default","adv-header-id-meta":"","stick-header-meta":"default","header-above-stick-meta":"","header-main-stick-meta":"","header-below-stick-meta":"","astra-migrate-meta-layouts":"default","ast-page-background-enabled":"default","ast-page-background-meta":{"desktop":{"background-color":"var(--ast-global-color-4)","background-image":"","background-repeat":"repeat","background-position":"center center","background-size":"auto","background-attachment":"scroll","background-type":"","background-media":"","overlay-type":"","overlay-color":"","overlay-opacity":"","overlay-gradient":""},"tablet":{"background-color":"","background-image":"","background-repeat":"repeat","background-position":"center center","background-size":"auto","background-attachment":"scroll","background-type":"","background-media":"","overlay-type":"","overlay-color":"","overlay-opacity":"","overlay-gradient":""},"mobile":{"background-color":"","background-image":"","background-repeat":"repeat","background-position":"center center","background-size":"auto","background-attachment":"scroll","background-type":"","background-media":"","overlay-type":"","overlay-color":"","overlay-opacity":"","overlay-gradient":""}},"ast-content-background-meta":{"desktop":{"background-color":"var(--ast-global-color-5)","background-image":"","background-repeat":"repeat","background-position":"center center","background-size":"auto","background-attachment":"scroll","background-type":"","background-media":"","overlay-type":"","overlay-color":"","overlay-opacity":"","overlay-gradient":""},"tablet":{"background-color":"var(--ast-global-color-5)","background-image":"","background-repeat":"repeat","background-position":"center center","background-size":"auto","background-attachment":"scroll","background-type":"","background-media":"","overlay-type":"","overlay-color":"","overlay-opacity":"","overlay-gradient":""},"mobile":{"background-color":"var(--ast-global-color-5)","background-image":"","background-repeat":"repeat","background-position":"center center","background-size":"auto","background-attachment":"scroll","background-type":"","background-media":"","overlay-type":"","overlay-color":"","overlay-opacity":"","overlay-gradient":""}},"footnotes":""},"class_list":["post-8027","page","type-page","status-publish","hentry"],"yoast_head":"<!-- This site is optimized with the Yoast SEO plugin v27.4 - https:\/\/yoast.com\/product\/yoast-seo-wordpress\/ -->\n<title>Versand - Amber Orthotics<\/title>\n<meta name=\"robots\" content=\"index, follow, max-snippet:-1, max-image-preview:large, max-video-preview:-1\" \/>\n<link rel=\"canonical\" href=\"https:\/\/amberorthotics.com\/de\/versand\/\" \/>\n<meta property=\"og:locale\" content=\"de_DE\" \/>\n<meta property=\"og:type\" content=\"article\" \/>\n<meta property=\"og:title\" content=\"Versand - Amber Orthotics\" \/>\n<meta property=\"og:description\" content=\"Service Versand &amp; Lieferung Wie lange dauert die Lieferung meiner Bestellung? Bei Amber bem\u00fchen wir [&hellip;]\" \/>\n<meta property=\"og:url\" content=\"https:\/\/amberorthotics.com\/de\/versand\/\" \/>\n<meta property=\"og:site_name\" content=\"Amber Orthotics\" \/>\n<meta property=\"article:publisher\" content=\"https:\/\/www.facebook.com\/profile.php?id=100093556633865\" \/>\n<meta property=\"article:modified_time\" content=\"2025-04-28T13:22:17+00:00\" \/>\n<meta name=\"twitter:card\" content=\"summary_large_image\" \/>\n<meta name=\"twitter:label1\" content=\"Gesch\u00e4tzte Lesezeit\" \/>\n\t<meta name=\"twitter:data1\" content=\"2\u00a0Minuten\" \/>\n<script type=\"application\/ld+json\" class=\"yoast-schema-graph\">{\"@context\":\"https:\\\/\\\/schema.org\",\"@graph\":[{\"@type\":\"WebPage\",\"@id\":\"https:\\\/\\\/amberorthotics.com\\\/de\\\/versand\\\/\",\"url\":\"https:\\\/\\\/amberorthotics.com\\\/de\\\/versand\\\/\",\"name\":\"Versand - Amber Orthotics\",\"isPartOf\":{\"@id\":\"https:\\\/\\\/amberorthotics.com\\\/de\\\/#website\"},\"datePublished\":\"2025-04-28T13:22:16+00:00\",\"dateModified\":\"2025-04-28T13:22:17+00:00\",\"breadcrumb\":{\"@id\":\"https:\\\/\\\/amberorthotics.com\\\/de\\\/versand\\\/#breadcrumb\"},\"inLanguage\":\"de\",\"potentialAction\":[{\"@type\":\"ReadAction\",\"target\":[\"https:\\\/\\\/amberorthotics.com\\\/de\\\/versand\\\/\"]}]},{\"@type\":\"BreadcrumbList\",\"@id\":\"https:\\\/\\\/amberorthotics.com\\\/de\\\/versand\\\/#breadcrumb\",\"itemListElement\":[{\"@type\":\"ListItem\",\"position\":1,\"name\":\"Home\",\"item\":\"https:\\\/\\\/amberorthotics.com\\\/de\\\/armorthese\\\/\"},{\"@type\":\"ListItem\",\"position\":2,\"name\":\"Versand\"}]},{\"@type\":\"WebSite\",\"@id\":\"https:\\\/\\\/amberorthotics.com\\\/de\\\/#website\",\"url\":\"https:\\\/\\\/amberorthotics.com\\\/de\\\/\",\"name\":\"Amber Orthotics\",\"description\":\"Amber Orthotics\",\"publisher\":{\"@id\":\"https:\\\/\\\/amberorthotics.com\\\/de\\\/#organization\"},\"potentialAction\":[{\"@type\":\"SearchAction\",\"target\":{\"@type\":\"EntryPoint\",\"urlTemplate\":\"https:\\\/\\\/amberorthotics.com\\\/de\\\/?s={search_term_string}\"},\"query-input\":{\"@type\":\"PropertyValueSpecification\",\"valueRequired\":true,\"valueName\":\"search_term_string\"}}],\"inLanguage\":\"de\"},{\"@type\":\"Organization\",\"@id\":\"https:\\\/\\\/amberorthotics.com\\\/de\\\/#organization\",\"name\":\"Amber Orthotics\",\"url\":\"https:\\\/\\\/amberorthotics.com\\\/de\\\/\",\"logo\":{\"@type\":\"ImageObject\",\"inLanguage\":\"de\",\"@id\":\"https:\\\/\\\/amberorthotics.com\\\/de\\\/#\\\/schema\\\/logo\\\/image\\\/\",\"url\":\"https:\\\/\\\/amberorthotics.com\\\/wp-content\\\/uploads\\\/2023\\\/07\\\/Amber-Orthotics-logo.png\",\"contentUrl\":\"https:\\\/\\\/amberorthotics.com\\\/wp-content\\\/uploads\\\/2023\\\/07\\\/Amber-Orthotics-logo.png\",\"width\":580,\"height\":178,\"caption\":\"Amber Orthotics\"},\"image\":{\"@id\":\"https:\\\/\\\/amberorthotics.com\\\/de\\\/#\\\/schema\\\/logo\\\/image\\\/\"},\"sameAs\":[\"https:\\\/\\\/www.facebook.com\\\/profile.php?id=100093556633865\",\"https:\\\/\\\/www.instagram.com\\\/amber_ortho\\\/\",\"https:\\\/\\\/nl.pinterest.com\\\/amberorthotics\\\/\",\"https:\\\/\\\/www.tiktok.com\\\/@amberorthotics?_t=8jSrGkzzpFA&_r=1\",\"https:\\\/\\\/www.linkedin.com\\\/company\\\/amber-orthotics\\\/\"]}]}<\/script>\n<!-- \/ Yoast SEO plugin. -->","yoast_head_json":{"title":"Versand - Amber Orthotics","robots":{"index":"index","follow":"follow","max-snippet":"max-snippet:-1","max-image-preview":"max-image-preview:large","max-video-preview":"max-video-preview:-1"},"canonical":"https:\/\/amberorthotics.com\/de\/versand\/","og_locale":"de_DE","og_type":"article","og_title":"Versand - Amber Orthotics","og_description":"Service Versand &amp; Lieferung Wie lange dauert die Lieferung meiner Bestellung? Bei Amber bem\u00fchen wir [&hellip;]","og_url":"https:\/\/amberorthotics.com\/de\/versand\/","og_site_name":"Amber Orthotics","article_publisher":"https:\/\/www.facebook.com\/profile.php?id=100093556633865","article_modified_time":"2025-04-28T13:22:17+00:00","twitter_card":"summary_large_image","twitter_misc":{"Gesch\u00e4tzte Lesezeit":"2\u00a0Minuten"},"schema":{"@context":"https:\/\/schema.org","@graph":[{"@type":"WebPage","@id":"https:\/\/amberorthotics.com\/de\/versand\/","url":"https:\/\/amberorthotics.com\/de\/versand\/","name":"Versand - Amber Orthotics","isPartOf":{"@id":"https:\/\/amberorthotics.com\/de\/#website"},"datePublished":"2025-04-28T13:22:16+00:00","dateModified":"2025-04-28T13:22:17+00:00","breadcrumb":{"@id":"https:\/\/amberorthotics.com\/de\/versand\/#breadcrumb"},"inLanguage":"de","potentialAction":[{"@type":"ReadAction","target":["https:\/\/amberorthotics.com\/de\/versand\/"]}]},{"@type":"BreadcrumbList","@id":"https:\/\/amberorthotics.com\/de\/versand\/#breadcrumb","itemListElement":[{"@type":"ListItem","position":1,"name":"Home","item":"https:\/\/amberorthotics.com\/de\/armorthese\/"},{"@type":"ListItem","position":2,"name":"Versand"}]},{"@type":"WebSite","@id":"https:\/\/amberorthotics.com\/de\/#website","url":"https:\/\/amberorthotics.com\/de\/","name":"Amber Orthotics","description":"Amber Orthotics","publisher":{"@id":"https:\/\/amberorthotics.com\/de\/#organization"},"potentialAction":[{"@type":"SearchAction","target":{"@type":"EntryPoint","urlTemplate":"https:\/\/amberorthotics.com\/de\/?s={search_term_string}"},"query-input":{"@type":"PropertyValueSpecification","valueRequired":true,"valueName":"search_term_string"}}],"inLanguage":"de"},{"@type":"Organization","@id":"https:\/\/amberorthotics.com\/de\/#organization","name":"Amber Orthotics","url":"https:\/\/amberorthotics.com\/de\/","logo":{"@type":"ImageObject","inLanguage":"de","@id":"https:\/\/amberorthotics.com\/de\/#\/schema\/logo\/image\/","url":"https:\/\/amberorthotics.com\/wp-content\/uploads\/2023\/07\/Amber-Orthotics-logo.png","contentUrl":"https:\/\/amberorthotics.com\/wp-content\/uploads\/2023\/07\/Amber-Orthotics-logo.png","width":580,"height":178,"caption":"Amber Orthotics"},"image":{"@id":"https:\/\/amberorthotics.com\/de\/#\/schema\/logo\/image\/"},"sameAs":["https:\/\/www.facebook.com\/profile.php?id=100093556633865","https:\/\/www.instagram.com\/amber_ortho\/","https:\/\/nl.pinterest.com\/amberorthotics\/","https:\/\/www.tiktok.com\/@amberorthotics?_t=8jSrGkzzpFA&_r=1","https:\/\/www.linkedin.com\/company\/amber-orthotics\/"]}]}},"_links":{"self":[{"href":"https:\/\/amberorthotics.com\/de\/wp-json\/wp\/v2\/pages\/8027","targetHints":{"allow":["GET"]}}],"collection":[{"href":"https:\/\/amberorthotics.com\/de\/wp-json\/wp\/v2\/pages"}],"about":[{"href":"https:\/\/amberorthotics.com\/de\/wp-json\/wp\/v2\/types\/page"}],"author":[{"embeddable":true,"href":"https:\/\/amberorthotics.com\/de\/wp-json\/wp\/v2\/users\/3"}],"replies":[{"embeddable":true,"href":"https:\/\/amberorthotics.com\/de\/wp-json\/wp\/v2\/comments?post=8027"}],"version-history":[{"count":1,"href":"https:\/\/amberorthotics.com\/de\/wp-json\/wp\/v2\/pages\/8027\/revisions"}],"predecessor-version":[{"id":8028,"href":"https:\/\/amberorthotics.com\/de\/wp-json\/wp\/v2\/pages\/8027\/revisions\/8028"}],"wp:attachment":[{"href":"https:\/\/amberorthotics.com\/de\/wp-json\/wp\/v2\/media?parent=8027"}],"curies":[{"name":"wp","href":"https:\/\/api.w.org\/{rel}","templated":true}]}}