{"id":8031,"date":"2025-04-28T15:29:03","date_gmt":"2025-04-28T13:29:03","guid":{"rendered":"https:\/\/amberorthotics.com\/ruecksendung-retouren\/"},"modified":"2025-04-28T15:29:04","modified_gmt":"2025-04-28T13:29:04","slug":"ruecksendung-retouren","status":"publish","type":"page","link":"https:\/\/amberorthotics.com\/de\/ruecksendung-retouren\/","title":{"rendered":"R\u00fccksendung (Retouren)"},"content":{"rendered":"\t\t<div data-elementor-type=\"wp-page\" data-elementor-id=\"8031\" class=\"elementor elementor-8031 elementor-5841\" data-elementor-post-type=\"page\">\n\t\t\t\t<div class=\"elementor-element elementor-element-2cfec6e e-flex e-con-boxed e-con e-parent\" data-id=\"2cfec6e\" data-element_type=\"container\" data-e-type=\"container\" data-settings=\"{&quot;background_background&quot;:&quot;classic&quot;}\">\n\t\t\t\t\t<div class=\"e-con-inner\">\n\t\t<div class=\"elementor-element elementor-element-cb79ba9 e-con-full e-flex e-con e-child\" data-id=\"cb79ba9\" data-element_type=\"container\" data-e-type=\"container\">\n\t\t<div class=\"elementor-element elementor-element-744abd2 e-flex e-con-boxed e-con e-child\" data-id=\"744abd2\" data-element_type=\"container\" data-e-type=\"container\">\n\t\t\t\t\t<div class=\"e-con-inner\">\n\t\t\t\t<div class=\"elementor-element elementor-element-8396724 elementor-widget elementor-widget-heading\" data-id=\"8396724\" data-element_type=\"widget\" data-e-type=\"widget\" data-widget_type=\"heading.default\">\n\t\t\t\t<div class=\"elementor-widget-container\">\n\t\t\t\t\t<div class=\"elementor-heading-title elementor-size-default\">Service<\/div>\t\t\t\t<\/div>\n\t\t\t\t<\/div>\n\t\t\t\t<div class=\"elementor-element elementor-element-d5667ab elementor-widget-divider--view-line elementor-widget elementor-widget-divider\" data-id=\"d5667ab\" data-element_type=\"widget\" data-e-type=\"widget\" data-widget_type=\"divider.default\">\n\t\t\t\t<div class=\"elementor-widget-container\">\n\t\t\t\t\t\t\t<div class=\"elementor-divider\">\n\t\t\t<span class=\"elementor-divider-separator\">\n\t\t\t\t\t\t<\/span>\n\t\t<\/div>\n\t\t\t\t\t\t<\/div>\n\t\t\t\t<\/div>\n\t\t\t\t<div class=\"elementor-element elementor-element-b68087c elementor-widget__width-initial elementor-widget-mobile__width-inherit elementor-widget elementor-widget-heading\" data-id=\"b68087c\" data-element_type=\"widget\" data-e-type=\"widget\" data-widget_type=\"heading.default\">\n\t\t\t\t<div class=\"elementor-widget-container\">\n\t\t\t\t\t<h1 class=\"elementor-heading-title elementor-size-default\">R\u00fccksendung (Retouren)<\/h1>\t\t\t\t<\/div>\n\t\t\t\t<\/div>\n\t\t\t\t\t<\/div>\n\t\t\t\t<\/div>\n\t\t\t\t<\/div>\n\t\t\t\t\t<\/div>\n\t\t\t\t<\/div>\n\t\t<div class=\"elementor-element elementor-element-4d1977f e-flex e-con-boxed e-con e-parent\" data-id=\"4d1977f\" data-element_type=\"container\" data-e-type=\"container\">\n\t\t\t\t\t<div class=\"e-con-inner\">\n\t\t<div class=\"elementor-element elementor-element-ce82630 e-flex e-con-boxed e-con e-child\" data-id=\"ce82630\" data-element_type=\"container\" data-e-type=\"container\">\n\t\t\t\t\t<div class=\"e-con-inner\">\n\t\t\t\t<div class=\"elementor-element elementor-element-7fb3c3f elementor-widget-mobile__width-inherit elementor-widget elementor-widget-text-editor\" data-id=\"7fb3c3f\" data-element_type=\"widget\" data-e-type=\"widget\" data-widget_type=\"text-editor.default\">\n\t\t\t\t<div class=\"elementor-widget-container\">\n\t\t\t\t\t\t\t\t\t<p><strong>Ich bin mit dem Produkt nicht zufrieden. Kann ich es zur\u00fcckgeben? <\/strong><\/p><p>Wie schade, dass du mit dem Produkt nicht zufrieden bist! Nat\u00fcrlich m\u00f6chten wir, dass du gl\u00fccklich mit dem Produkt bist, also kannst du es zur\u00fcckgeben, wenn es nicht deinen Erwartungen entspricht. Du kannst dies innerhalb von 14 Tagen nach Erhalt tun. Wenn das Produkt zur\u00fcckgegeben wird, m\u00fcssen auch alle Teile, die wir dir geschickt haben, zur\u00fcckgegeben werden. Fehlen Teile, werden wir diesen Betrag von dem zur\u00fcckzuzahlenden Betrag abziehen.<br>Nach 14 Tagen kannst du es nicht mehr zur\u00fcckgeben, aber du kannst die Orthese jederzeit zur Anpassung zur\u00fcckschicken. Du kannst die Orthese auch zur Reparatur zur\u00fcckschicken.     <\/p><p> <\/p><p><strong>Ich habe ein defektes Produkt erhalten. Was soll ich tun? <\/strong><\/p><p>Es tut uns leid zu h\u00f6ren, dass du ein defektes Produkt erhalten hast! Vielen Dank, dass du uns dar\u00fcber informierst, und sei versichert, dass wir das Problem f\u00fcr dich l\u00f6sen werden. Bitte kontaktiere unseren Kundenservice (vorzugsweise mit einigen Fotos des Schadens) unter info@amberorthotics.com, und wir k\u00fcmmern uns darum!  <\/p><p> <\/p><p><strong>Wie sende ich etwas zur\u00fcck?<\/strong><\/p><p>Stelle sicher, dass du das <a href=\"https:\/\/amberorthotics.com\/de\/kontakt\/\">Kontaktformular<\/a> ausgef\u00fcllt hast. Gib deine Bestellnummer und Kontaktdaten an. Andernfalls k\u00f6nnen wir deine R\u00fccksendung leider nicht bearbeiten.  <\/p><p> <\/p><p><strong>Was ist Ihre R\u00fccksendeadresse?<\/strong><\/p><p>Amber Orthotics R\u00fccksendung \u2013 Twekkeler Es 24 \u2013 7547 SM Enschede, Niederlande.<\/p><p> <\/p><p><strong>Wie schnell wird eine R\u00fccksendung bearbeitet?<\/strong><\/p><p>Wir werden versuchen, deine R\u00fccksendung so schnell wie m\u00f6glich zu bearbeiten, sobald wir sie in unserem Lager erhalten haben. Beachte bitte, dass wir gesetzlich 14 Tage Zeit haben, um eine R\u00fccksendung zu bearbeiten, aber in den meisten F\u00e4llen k\u00f6nnen wir sie noch am selben Tag bearbeiten (oder innerhalb von ein paar Tagen, wenn es sehr besch\u00e4ftigt ist). <\/p><p> <\/p><p><strong>Wann erhalte ich mein Geld zur\u00fcck?<\/strong><\/p><p>Sobald wir das Produkt \u00fcberpr\u00fcft und best\u00e4tigt haben, werden wir das Geld innerhalb von 10 Werktagen zur\u00fcckerstatten.<\/p>\t\t\t\t\t\t\t\t<\/div>\n\t\t\t\t<\/div>\n\t\t\t\t\t<\/div>\n\t\t\t\t<\/div>\n\t\t<div class=\"elementor-element elementor-element-9343784 e-con-full e-flex e-con e-child\" data-id=\"9343784\" data-element_type=\"container\" data-e-type=\"container\" data-settings=\"{&quot;background_background&quot;:&quot;classic&quot;}\">\n\t\t<div class=\"elementor-element elementor-element-fb0b8c2 e-flex e-con-boxed e-con e-child\" data-id=\"fb0b8c2\" data-element_type=\"container\" data-e-type=\"container\" data-settings=\"{&quot;background_background&quot;:&quot;classic&quot;,&quot;sticky&quot;:&quot;top&quot;,&quot;sticky_offset&quot;:125,&quot;sticky_parent&quot;:&quot;yes&quot;,&quot;sticky_on&quot;:[&quot;desktop&quot;,&quot;tablet&quot;,&quot;mobile&quot;],&quot;sticky_effects_offset&quot;:0,&quot;sticky_anchor_link_offset&quot;:0}\">\n\t\t\t\t\t<div class=\"e-con-inner\">\n\t\t\t\t<div class=\"elementor-element elementor-element-5b652c6 elementor-widget__width-inherit elementor-widget elementor-widget-heading\" data-id=\"5b652c6\" data-element_type=\"widget\" data-e-type=\"widget\" data-widget_type=\"heading.default\">\n\t\t\t\t<div class=\"elementor-widget-container\">\n\t\t\t\t\t<h2 class=\"elementor-heading-title elementor-size-default\">Navigation<\/h2>\t\t\t\t<\/div>\n\t\t\t\t<\/div>\n\t\t\t\t<div class=\"elementor-element elementor-element-bf86e23 elementor-widget-divider--view-line elementor-widget elementor-widget-divider\" data-id=\"bf86e23\" data-element_type=\"widget\" data-e-type=\"widget\" data-widget_type=\"divider.default\">\n\t\t\t\t<div class=\"elementor-widget-container\">\n\t\t\t\t\t\t\t<div class=\"elementor-divider\">\n\t\t\t<span class=\"elementor-divider-separator\">\n\t\t\t\t\t\t<\/span>\n\t\t<\/div>\n\t\t\t\t\t\t<\/div>\n\t\t\t\t<\/div>\n\t\t\t\t<div class=\"elementor-element elementor-element-12571fe elementor-icon-list--layout-traditional elementor-list-item-link-full_width elementor-widget elementor-widget-icon-list\" data-id=\"12571fe\" data-element_type=\"widget\" data-e-type=\"widget\" data-widget_type=\"icon-list.default\">\n\t\t\t\t<div class=\"elementor-widget-container\">\n\t\t\t\t\t\t\t<ul class=\"elementor-icon-list-items\">\n\t\t\t\t\t\t\t<li class=\"elementor-icon-list-item\">\n\t\t\t\t\t\t\t\t\t\t\t<a href=\"https:\/\/amberorthotics.com\/ordering-process\/\">\n\n\t\t\t\t\t\t\t\t\t\t\t\t<span class=\"elementor-icon-list-icon\">\n\t\t\t\t\t\t\t<i aria-hidden=\"true\" class=\"fas fa-minus\"><\/i>\t\t\t\t\t\t<\/span>\n\t\t\t\t\t\t\t\t\t\t<span class=\"elementor-icon-list-text\">Bestellprozess<\/span>\n\t\t\t\t\t\t\t\t\t\t\t<\/a>\n\t\t\t\t\t\t\t\t\t<\/li>\n\t\t\t\t\t\t\t\t<li class=\"elementor-icon-list-item\">\n\t\t\t\t\t\t\t\t\t\t\t<a href=\"https:\/\/amberorthotics.com\/shipping\/\">\n\n\t\t\t\t\t\t\t\t\t\t\t\t<span class=\"elementor-icon-list-icon\">\n\t\t\t\t\t\t\t<i aria-hidden=\"true\" class=\"fas fa-minus\"><\/i>\t\t\t\t\t\t<\/span>\n\t\t\t\t\t\t\t\t\t\t<span class=\"elementor-icon-list-text\">Shipping<\/span>\n\t\t\t\t\t\t\t\t\t\t\t<\/a>\n\t\t\t\t\t\t\t\t\t<\/li>\n\t\t\t\t\t\t<\/ul>\n\t\t\t\t\t\t<\/div>\n\t\t\t\t<\/div>\n\t\t\t\t<div class=\"elementor-element elementor-element-cddc76c elementor-icon-list--layout-traditional elementor-list-item-link-full_width elementor-widget elementor-widget-icon-list\" data-id=\"cddc76c\" data-element_type=\"widget\" data-e-type=\"widget\" data-widget_type=\"icon-list.default\">\n\t\t\t\t<div class=\"elementor-widget-container\">\n\t\t\t\t\t\t\t<ul class=\"elementor-icon-list-items\">\n\t\t\t\t\t\t\t<li class=\"elementor-icon-list-item\">\n\t\t\t\t\t\t\t\t\t\t\t<span class=\"elementor-icon-list-icon\">\n\t\t\t\t\t\t\t<i aria-hidden=\"true\" class=\"fas fa-minus\"><\/i>\t\t\t\t\t\t<\/span>\n\t\t\t\t\t\t\t\t\t\t<span class=\"elementor-icon-list-text\">R\u00fccksendung (Retouren)<\/span>\n\t\t\t\t\t\t\t\t\t<\/li>\n\t\t\t\t\t\t<\/ul>\n\t\t\t\t\t\t<\/div>\n\t\t\t\t<\/div>\n\t\t\t\t<div class=\"elementor-element elementor-element-a48780f elementor-icon-list--layout-traditional elementor-list-item-link-full_width elementor-widget elementor-widget-icon-list\" data-id=\"a48780f\" data-element_type=\"widget\" data-e-type=\"widget\" data-widget_type=\"icon-list.default\">\n\t\t\t\t<div class=\"elementor-widget-container\">\n\t\t\t\t\t\t\t<ul class=\"elementor-icon-list-items\">\n\t\t\t\t\t\t\t<li class=\"elementor-icon-list-item\">\n\t\t\t\t\t\t\t\t\t\t\t<a href=\"https:\/\/amberorthotics.com\/frequently-asked-questions\/\">\n\n\t\t\t\t\t\t\t\t\t\t\t\t<span class=\"elementor-icon-list-icon\">\n\t\t\t\t\t\t\t<i aria-hidden=\"true\" class=\"fas fa-minus\"><\/i>\t\t\t\t\t\t<\/span>\n\t\t\t\t\t\t\t\t\t\t<span class=\"elementor-icon-list-text\">H\u00e4ufig gestellte Fragen (FAQ)<\/span>\n\t\t\t\t\t\t\t\t\t\t\t<\/a>\n\t\t\t\t\t\t\t\t\t<\/li>\n\t\t\t\t\t\t\t\t<li class=\"elementor-icon-list-item\">\n\t\t\t\t\t\t\t\t\t\t\t<a href=\"https:\/\/amberorthotics.com\/privacy-policy\/\">\n\n\t\t\t\t\t\t\t\t\t\t\t\t<span class=\"elementor-icon-list-icon\">\n\t\t\t\t\t\t\t<i aria-hidden=\"true\" class=\"fas fa-minus\"><\/i>\t\t\t\t\t\t<\/span>\n\t\t\t\t\t\t\t\t\t\t<span class=\"elementor-icon-list-text\">Datenschutzerkl\u00e4rung<\/span>\n\t\t\t\t\t\t\t\t\t\t\t<\/a>\n\t\t\t\t\t\t\t\t\t<\/li>\n\t\t\t\t\t\t\t\t<li class=\"elementor-icon-list-item\">\n\t\t\t\t\t\t\t\t\t\t\t<a href=\"https:\/\/amberorthotics.com\/terms-and-conditions\/\">\n\n\t\t\t\t\t\t\t\t\t\t\t\t<span class=\"elementor-icon-list-icon\">\n\t\t\t\t\t\t\t<i aria-hidden=\"true\" class=\"fas fa-minus\"><\/i>\t\t\t\t\t\t<\/span>\n\t\t\t\t\t\t\t\t\t\t<span class=\"elementor-icon-list-text\">Allgemeine Gesch\u00e4ftsbedingungen<\/span>\n\t\t\t\t\t\t\t\t\t\t\t<\/a>\n\t\t\t\t\t\t\t\t\t<\/li>\n\t\t\t\t\t\t<\/ul>\n\t\t\t\t\t\t<\/div>\n\t\t\t\t<\/div>\n\t\t\t\t\t<\/div>\n\t\t\t\t<\/div>\n\t\t\t\t<\/div>\n\t\t\t\t\t<\/div>\n\t\t\t\t<\/div>\n\t\t\t\t<\/div>\n\t\t","protected":false},"excerpt":{"rendered":"<p>Service Ich bin mit dem Produkt nicht zufrieden. Kann ich es zur\u00fcckgeben? Wie schade, dass [&hellip;]<\/p>\n","protected":false},"author":3,"featured_media":0,"parent":0,"menu_order":0,"comment_status":"closed","ping_status":"closed","template":"","meta":{"site-sidebar-layout":"no-sidebar","site-content-layout":"page-builder","ast-site-content-layout":"default","site-content-style":"default","site-sidebar-style":"default","ast-global-header-display":"","ast-banner-title-visibility":"","ast-main-header-display":"","ast-hfb-above-header-display":"","ast-hfb-below-header-display":"","ast-hfb-mobile-header-display":"","site-post-title":"disabled","ast-breadcrumbs-content":"","ast-featured-img":"disabled","footer-sml-layout":"","ast-disable-related-posts":"","theme-transparent-header-meta":"default","adv-header-id-meta":"","stick-header-meta":"default","header-above-stick-meta":"","header-main-stick-meta":"","header-below-stick-meta":"","astra-migrate-meta-layouts":"default","ast-page-background-enabled":"default","ast-page-background-meta":{"desktop":{"background-color":"var(--ast-global-color-4)","background-image":"","background-repeat":"repeat","background-position":"center center","background-size":"auto","background-attachment":"scroll","background-type":"","background-media":"","overlay-type":"","overlay-color":"","overlay-opacity":"","overlay-gradient":""},"tablet":{"background-color":"","background-image":"","background-repeat":"repeat","background-position":"center center","background-size":"auto","background-attachment":"scroll","background-type":"","background-media":"","overlay-type":"","overlay-color":"","overlay-opacity":"","overlay-gradient":""},"mobile":{"background-color":"","background-image":"","background-repeat":"repeat","background-position":"center center","background-size":"auto","background-attachment":"scroll","background-type":"","background-media":"","overlay-type":"","overlay-color":"","overlay-opacity":"","overlay-gradient":""}},"ast-content-background-meta":{"desktop":{"background-color":"var(--ast-global-color-5)","background-image":"","background-repeat":"repeat","background-position":"center center","background-size":"auto","background-attachment":"scroll","background-type":"","background-media":"","overlay-type":"","overlay-color":"","overlay-opacity":"","overlay-gradient":""},"tablet":{"background-color":"var(--ast-global-color-5)","background-image":"","background-repeat":"repeat","background-position":"center center","background-size":"auto","background-attachment":"scroll","background-type":"","background-media":"","overlay-type":"","overlay-color":"","overlay-opacity":"","overlay-gradient":""},"mobile":{"background-color":"var(--ast-global-color-5)","background-image":"","background-repeat":"repeat","background-position":"center center","background-size":"auto","background-attachment":"scroll","background-type":"","background-media":"","overlay-type":"","overlay-color":"","overlay-opacity":"","overlay-gradient":""}},"footnotes":""},"class_list":["post-8031","page","type-page","status-publish","hentry"],"yoast_head":"<!-- This site is optimized with the Yoast SEO plugin v27.4 - https:\/\/yoast.com\/product\/yoast-seo-wordpress\/ -->\n<title>R\u00fccksendung (Retouren) - Amber Orthotics<\/title>\n<meta name=\"robots\" content=\"index, follow, max-snippet:-1, max-image-preview:large, max-video-preview:-1\" \/>\n<link rel=\"canonical\" href=\"https:\/\/amberorthotics.com\/de\/ruecksendung-retouren\/\" \/>\n<meta property=\"og:locale\" content=\"de_DE\" \/>\n<meta property=\"og:type\" content=\"article\" \/>\n<meta property=\"og:title\" content=\"R\u00fccksendung (Retouren) - Amber Orthotics\" \/>\n<meta property=\"og:description\" content=\"Service Ich bin mit dem Produkt nicht zufrieden. Kann ich es zur\u00fcckgeben? Wie schade, dass [&hellip;]\" \/>\n<meta property=\"og:url\" content=\"https:\/\/amberorthotics.com\/de\/ruecksendung-retouren\/\" \/>\n<meta property=\"og:site_name\" content=\"Amber Orthotics\" \/>\n<meta property=\"article:publisher\" content=\"https:\/\/www.facebook.com\/profile.php?id=100093556633865\" \/>\n<meta property=\"article:modified_time\" content=\"2025-04-28T13:29:04+00:00\" \/>\n<meta name=\"twitter:card\" content=\"summary_large_image\" \/>\n<meta name=\"twitter:label1\" content=\"Gesch\u00e4tzte Lesezeit\" \/>\n\t<meta name=\"twitter:data1\" content=\"2\u00a0Minuten\" \/>\n<script type=\"application\/ld+json\" class=\"yoast-schema-graph\">{\"@context\":\"https:\\\/\\\/schema.org\",\"@graph\":[{\"@type\":\"WebPage\",\"@id\":\"https:\\\/\\\/amberorthotics.com\\\/de\\\/ruecksendung-retouren\\\/\",\"url\":\"https:\\\/\\\/amberorthotics.com\\\/de\\\/ruecksendung-retouren\\\/\",\"name\":\"R\u00fccksendung (Retouren) - Amber Orthotics\",\"isPartOf\":{\"@id\":\"https:\\\/\\\/amberorthotics.com\\\/de\\\/#website\"},\"datePublished\":\"2025-04-28T13:29:03+00:00\",\"dateModified\":\"2025-04-28T13:29:04+00:00\",\"breadcrumb\":{\"@id\":\"https:\\\/\\\/amberorthotics.com\\\/de\\\/ruecksendung-retouren\\\/#breadcrumb\"},\"inLanguage\":\"de\",\"potentialAction\":[{\"@type\":\"ReadAction\",\"target\":[\"https:\\\/\\\/amberorthotics.com\\\/de\\\/ruecksendung-retouren\\\/\"]}]},{\"@type\":\"BreadcrumbList\",\"@id\":\"https:\\\/\\\/amberorthotics.com\\\/de\\\/ruecksendung-retouren\\\/#breadcrumb\",\"itemListElement\":[{\"@type\":\"ListItem\",\"position\":1,\"name\":\"Home\",\"item\":\"https:\\\/\\\/amberorthotics.com\\\/de\\\/armorthese\\\/\"},{\"@type\":\"ListItem\",\"position\":2,\"name\":\"R\u00fccksendung (Retouren)\"}]},{\"@type\":\"WebSite\",\"@id\":\"https:\\\/\\\/amberorthotics.com\\\/de\\\/#website\",\"url\":\"https:\\\/\\\/amberorthotics.com\\\/de\\\/\",\"name\":\"Amber Orthotics\",\"description\":\"Amber Orthotics\",\"publisher\":{\"@id\":\"https:\\\/\\\/amberorthotics.com\\\/de\\\/#organization\"},\"potentialAction\":[{\"@type\":\"SearchAction\",\"target\":{\"@type\":\"EntryPoint\",\"urlTemplate\":\"https:\\\/\\\/amberorthotics.com\\\/de\\\/?s={search_term_string}\"},\"query-input\":{\"@type\":\"PropertyValueSpecification\",\"valueRequired\":true,\"valueName\":\"search_term_string\"}}],\"inLanguage\":\"de\"},{\"@type\":\"Organization\",\"@id\":\"https:\\\/\\\/amberorthotics.com\\\/de\\\/#organization\",\"name\":\"Amber Orthotics\",\"url\":\"https:\\\/\\\/amberorthotics.com\\\/de\\\/\",\"logo\":{\"@type\":\"ImageObject\",\"inLanguage\":\"de\",\"@id\":\"https:\\\/\\\/amberorthotics.com\\\/de\\\/#\\\/schema\\\/logo\\\/image\\\/\",\"url\":\"https:\\\/\\\/amberorthotics.com\\\/wp-content\\\/uploads\\\/2023\\\/07\\\/Amber-Orthotics-logo.png\",\"contentUrl\":\"https:\\\/\\\/amberorthotics.com\\\/wp-content\\\/uploads\\\/2023\\\/07\\\/Amber-Orthotics-logo.png\",\"width\":580,\"height\":178,\"caption\":\"Amber Orthotics\"},\"image\":{\"@id\":\"https:\\\/\\\/amberorthotics.com\\\/de\\\/#\\\/schema\\\/logo\\\/image\\\/\"},\"sameAs\":[\"https:\\\/\\\/www.facebook.com\\\/profile.php?id=100093556633865\",\"https:\\\/\\\/www.instagram.com\\\/amber_ortho\\\/\",\"https:\\\/\\\/nl.pinterest.com\\\/amberorthotics\\\/\",\"https:\\\/\\\/www.tiktok.com\\\/@amberorthotics?_t=8jSrGkzzpFA&_r=1\",\"https:\\\/\\\/www.linkedin.com\\\/company\\\/amber-orthotics\\\/\"]}]}<\/script>\n<!-- \/ Yoast SEO plugin. -->","yoast_head_json":{"title":"R\u00fccksendung (Retouren) - Amber Orthotics","robots":{"index":"index","follow":"follow","max-snippet":"max-snippet:-1","max-image-preview":"max-image-preview:large","max-video-preview":"max-video-preview:-1"},"canonical":"https:\/\/amberorthotics.com\/de\/ruecksendung-retouren\/","og_locale":"de_DE","og_type":"article","og_title":"R\u00fccksendung (Retouren) - Amber Orthotics","og_description":"Service Ich bin mit dem Produkt nicht zufrieden. Kann ich es zur\u00fcckgeben? Wie schade, dass [&hellip;]","og_url":"https:\/\/amberorthotics.com\/de\/ruecksendung-retouren\/","og_site_name":"Amber Orthotics","article_publisher":"https:\/\/www.facebook.com\/profile.php?id=100093556633865","article_modified_time":"2025-04-28T13:29:04+00:00","twitter_card":"summary_large_image","twitter_misc":{"Gesch\u00e4tzte Lesezeit":"2\u00a0Minuten"},"schema":{"@context":"https:\/\/schema.org","@graph":[{"@type":"WebPage","@id":"https:\/\/amberorthotics.com\/de\/ruecksendung-retouren\/","url":"https:\/\/amberorthotics.com\/de\/ruecksendung-retouren\/","name":"R\u00fccksendung (Retouren) - Amber Orthotics","isPartOf":{"@id":"https:\/\/amberorthotics.com\/de\/#website"},"datePublished":"2025-04-28T13:29:03+00:00","dateModified":"2025-04-28T13:29:04+00:00","breadcrumb":{"@id":"https:\/\/amberorthotics.com\/de\/ruecksendung-retouren\/#breadcrumb"},"inLanguage":"de","potentialAction":[{"@type":"ReadAction","target":["https:\/\/amberorthotics.com\/de\/ruecksendung-retouren\/"]}]},{"@type":"BreadcrumbList","@id":"https:\/\/amberorthotics.com\/de\/ruecksendung-retouren\/#breadcrumb","itemListElement":[{"@type":"ListItem","position":1,"name":"Home","item":"https:\/\/amberorthotics.com\/de\/armorthese\/"},{"@type":"ListItem","position":2,"name":"R\u00fccksendung (Retouren)"}]},{"@type":"WebSite","@id":"https:\/\/amberorthotics.com\/de\/#website","url":"https:\/\/amberorthotics.com\/de\/","name":"Amber Orthotics","description":"Amber Orthotics","publisher":{"@id":"https:\/\/amberorthotics.com\/de\/#organization"},"potentialAction":[{"@type":"SearchAction","target":{"@type":"EntryPoint","urlTemplate":"https:\/\/amberorthotics.com\/de\/?s={search_term_string}"},"query-input":{"@type":"PropertyValueSpecification","valueRequired":true,"valueName":"search_term_string"}}],"inLanguage":"de"},{"@type":"Organization","@id":"https:\/\/amberorthotics.com\/de\/#organization","name":"Amber Orthotics","url":"https:\/\/amberorthotics.com\/de\/","logo":{"@type":"ImageObject","inLanguage":"de","@id":"https:\/\/amberorthotics.com\/de\/#\/schema\/logo\/image\/","url":"https:\/\/amberorthotics.com\/wp-content\/uploads\/2023\/07\/Amber-Orthotics-logo.png","contentUrl":"https:\/\/amberorthotics.com\/wp-content\/uploads\/2023\/07\/Amber-Orthotics-logo.png","width":580,"height":178,"caption":"Amber Orthotics"},"image":{"@id":"https:\/\/amberorthotics.com\/de\/#\/schema\/logo\/image\/"},"sameAs":["https:\/\/www.facebook.com\/profile.php?id=100093556633865","https:\/\/www.instagram.com\/amber_ortho\/","https:\/\/nl.pinterest.com\/amberorthotics\/","https:\/\/www.tiktok.com\/@amberorthotics?_t=8jSrGkzzpFA&_r=1","https:\/\/www.linkedin.com\/company\/amber-orthotics\/"]}]}},"_links":{"self":[{"href":"https:\/\/amberorthotics.com\/de\/wp-json\/wp\/v2\/pages\/8031","targetHints":{"allow":["GET"]}}],"collection":[{"href":"https:\/\/amberorthotics.com\/de\/wp-json\/wp\/v2\/pages"}],"about":[{"href":"https:\/\/amberorthotics.com\/de\/wp-json\/wp\/v2\/types\/page"}],"author":[{"embeddable":true,"href":"https:\/\/amberorthotics.com\/de\/wp-json\/wp\/v2\/users\/3"}],"replies":[{"embeddable":true,"href":"https:\/\/amberorthotics.com\/de\/wp-json\/wp\/v2\/comments?post=8031"}],"version-history":[{"count":1,"href":"https:\/\/amberorthotics.com\/de\/wp-json\/wp\/v2\/pages\/8031\/revisions"}],"predecessor-version":[{"id":8032,"href":"https:\/\/amberorthotics.com\/de\/wp-json\/wp\/v2\/pages\/8031\/revisions\/8032"}],"wp:attachment":[{"href":"https:\/\/amberorthotics.com\/de\/wp-json\/wp\/v2\/media?parent=8031"}],"curies":[{"name":"wp","href":"https:\/\/api.w.org\/{rel}","templated":true}]}}